{"id":2294,"date":"2025-04-10T15:43:22","date_gmt":"2025-04-10T15:43:22","guid":{"rendered":"https:\/\/gamteka.lgga.lt\/?page_id=2294"},"modified":"2025-04-10T15:50:04","modified_gmt":"2025-04-10T15:50:04","slug":"gyvenamieji-namai-ir-individualus-ukiniai-sprendimai","status":"publish","type":"page","link":"https:\/\/gamteka.lgga.lt\/en\/gyvenamieji-namai-ir-individualus-ukiniai-sprendimai\/","title":{"rendered":"Gyvenamieji namai ir individual\u016bs \u016bkiniai sprendimai"},"content":{"rendered":"<div data-elementor-type=\"wp-page\" data-elementor-id=\"2294\" class=\"elementor elementor-2294\">\n\t\t\t\t<div class=\"elementor-element elementor-element-29f5bd3 e-con-full e-flex e-con e-parent\" data-id=\"29f5bd3\" data-element_type=\"container\" data-e-type=\"container\">\n\t\t\t\t<div class=\"elementor-element elementor-element-0f9079b elementor-widget elementor-widget-fynode-page-banner\" data-id=\"0f9079b\" data-element_type=\"widget\" data-e-type=\"widget\" data-widget_type=\"fynode-page-banner.default\">\n\t\t\t\t<div class=\"elementor-widget-container\">\n\t\t\t\t\t<div class=\"site-page-header klb-page-banner style-1\"><div class=\"container\"><div class=\"site-page-header-inner\"><h1 class=\"entry-title\">Gyvenamieji namai ir individual\u016bs \u016bkiniai sprendimai<\/h1><div class=\"entry-description\"><p><\/p><\/div><!-- New Arrival --><\/div><!-- site-page-header-inner --><\/div><!-- container --><\/div><!-- site-page-header -->\t\t\t\t<\/div>\n\t\t\t\t<\/div>\n\t\t\t\t<\/div>\n\t\t<div class=\"elementor-element elementor-element-5fbbb71 e-flex e-con-boxed e-con e-parent\" data-id=\"5fbbb71\" data-element_type=\"container\" data-e-type=\"container\">\n\t\t\t\t\t<div class=\"e-con-inner\">\n\t\t<div class=\"elementor-element elementor-element-dada9b6 e-con-full e-flex e-con e-child\" data-id=\"dada9b6\" data-element_type=\"container\" data-e-type=\"container\">\n\t\t\t\t<div class=\"elementor-element elementor-element-0b6f25f elementor-widget elementor-widget-text-editor\" data-id=\"0b6f25f\" data-element_type=\"widget\" data-e-type=\"widget\" data-widget_type=\"text-editor.default\">\n\t\t\t\t<div class=\"elementor-widget-container\">\n\t\t\t\t\t\t\t\t\t<p class=\"\" data-start=\"427\" data-end=\"724\"><strong data-start=\"427\" data-end=\"544\">UAB \u201eGamteka\u201c jau daugiau nei 20 met\u0173 padeda Lietuvos gyventojams u\u017etikrinti \u0161var\u0173 ir saug\u0173 vanden\u012f savo namuose.<\/strong> M\u016bs\u0173 si\u016blomi vandens filtrai gyvenamiesiems namams yra pritaikyti tiek miesto tinkl\u0173, tiek \u0161ulini\u0173 ar gr\u0119\u017eini\u0173 vandeniui, atsi\u017evelgiant \u012f konkre\u010dius vandens u\u017eter\u0161tumo parametrus.<\/p><h3 class=\"\" data-start=\"726\" data-end=\"769\">Kod\u0117l svarbu filtruoti vanden\u012f namuose?<\/h3><p class=\"\" data-start=\"771\" data-end=\"1062\">Dauguma individuali\u0173 nam\u0173 savinink\u0173 Lietuvoje susiduria su kietu vandeniu, per dideliu <strong data-start=\"858\" data-end=\"888\">gele\u017eies ar mangano kiekiu<\/strong>, nemaloniu kvapu ar kalki\u0173 nuos\u0117domis. \u0160ie rodikliai ne tik pablogina geriamojo vandens kokyb\u0119, bet ir neigiamai veikia buitin\u0119 technik\u0105, santechnik\u0105 bei gyventoj\u0173 sveikat\u0105.<\/p><h3 class=\"\" data-start=\"1064\" data-end=\"1087\">K\u0105 si\u016blo \u201eGamteka\u201c?<\/h3><ul data-start=\"1089\" data-end=\"1298\"><li class=\"\" data-start=\"1089\" data-end=\"1143\"><p class=\"\" data-start=\"1091\" data-end=\"1143\"><strong data-start=\"1091\" data-end=\"1110\">Vandens tyrimus<\/strong> ir konsultacijas prie\u0161 montavim\u0105<\/p><\/li><li class=\"\" data-start=\"1144\" data-end=\"1208\"><p class=\"\" data-start=\"1146\" data-end=\"1208\"><strong data-start=\"1146\" data-end=\"1208\">Nugele\u017einimo, mink\u0161tinimo, UV dezinfekcijos ir RO sistemas<\/strong><\/p><\/li><li class=\"\" data-start=\"1209\" data-end=\"1258\"><p class=\"\" data-start=\"1211\" data-end=\"1258\"><strong data-start=\"1211\" data-end=\"1258\">Automatizuot\u0105 filtr\u0173 valdym\u0105 ir aptarnavim\u0105<\/strong><\/p><\/li><li class=\"\" data-start=\"1259\" data-end=\"1298\"><p class=\"\" data-start=\"1261\" data-end=\"1298\">Ilgalaik\u012f servis\u0105 ir atsargines dalis<\/p><\/li><\/ul><p class=\"\" data-start=\"1300\" data-end=\"1504\">Mes ne tik montuojame, bet ir <strong data-start=\"1330\" data-end=\"1376\">pri\u017ei\u016brime j\u016bs\u0173 vandens filtravimo sistem\u0105<\/strong>, u\u017etikrindami skland\u0173 veikim\u0105 ilgus metus. M\u016bs\u0173 tikslas \u2013 kad kiekviename Lietuvos name tek\u0117t\u0173 \u0161varus, skanus ir saugus vanduo.<\/p>\t\t\t\t\t\t\t\t<\/div>\n\t\t\t\t<\/div>\n\t\t\t\t<\/div>\n\t\t<div class=\"elementor-element elementor-element-581f07b e-con-full e-flex e-con e-child\" data-id=\"581f07b\" data-element_type=\"container\" data-e-type=\"container\">\n\t\t\t\t<div class=\"elementor-element elementor-element-2728a25 elementor-widget elementor-widget-image\" data-id=\"2728a25\" data-element_type=\"widget\" data-e-type=\"widget\" data-widget_type=\"image.default\">\n\t\t\t\t<div class=\"elementor-widget-container\">\n\t\t\t\t\t\t\t\t\t\t\t\t\t\t\t<img fetchpriority=\"high\" decoding=\"async\" width=\"894\" height=\"697\" src=\"https:\/\/gamteka.lgga.lt\/wp-content\/uploads\/2025\/04\/1111.webp\" class=\"attachment-full size-full wp-image-2296\" alt=\"\" srcset=\"https:\/\/gamteka.lgga.lt\/wp-content\/uploads\/2025\/04\/1111.webp 894w, https:\/\/gamteka.lgga.lt\/wp-content\/uploads\/2025\/04\/1111-300x234.webp 300w, https:\/\/gamteka.lgga.lt\/wp-content\/uploads\/2025\/04\/1111-768x599.webp 768w, https:\/\/gamteka.lgga.lt\/wp-content\/uploads\/2025\/04\/1111-15x12.webp 15w, https:\/\/gamteka.lgga.lt\/wp-content\/uploads\/2025\/04\/1111-600x468.webp 600w, https:\/\/gamteka.lgga.lt\/wp-content\/uploads\/2025\/04\/1111-69x54.webp 69w\" sizes=\"(max-width: 894px) 100vw, 894px\" \/>\t\t\t\t\t\t\t\t\t\t\t\t\t\t\t<\/div>\n\t\t\t\t<\/div>\n\t\t\t\t<\/div>\n\t\t\t\t\t<\/div>\n\t\t\t\t<\/div>\n\t\t\t\t<\/div>","protected":false},"excerpt":{"rendered":"<p>Gyvenamieji namai ir individual\u016bs \u016bkiniai sprendimai UAB \u201eGamteka\u201c jau daugiau nei 20 met\u0173 padeda Lietuvos gyventojams u\u017etikrinti \u0161var\u0173 ir saug\u0173 vanden\u012f savo namuose. M\u016bs\u0173 si\u016blomi vandens filtrai gyvenamiesiems namams yra pritaikyti tiek miesto tinkl\u0173, tiek \u0161ulini\u0173 ar gr\u0119\u017eini\u0173 vandeniui, atsi\u017evelgiant \u012f konkre\u010dius vandens u\u017eter\u0161tumo parametrus. Kod\u0117l svarbu filtruoti vanden\u012f namuose? Dauguma individuali\u0173 nam\u0173 savinink\u0173 Lietuvoje<\/p>\n<div class=\"klb-readmore post-buttons\"><a class=\"btn btn-black btn-rounded\" href=\"https:\/\/gamteka.lgga.lt\/en\/gyvenamieji-namai-ir-individualus-ukiniai-sprendimai\/\">Read More <i class=\"klbth-icon-right-arrow\"><\/i><\/a><\/div>","protected":false},"author":1,"featured_media":0,"parent":0,"menu_order":0,"comment_status":"closed","ping_status":"closed","template":"","meta":{"footnotes":""},"class_list":["post-2294","page","type-page","status-publish","hentry"],"_links":{"self":[{"href":"https:\/\/gamteka.lgga.lt\/en\/wp-json\/wp\/v2\/pages\/2294","targetHints":{"allow":["GET"]}}],"collection":[{"href":"https:\/\/gamteka.lgga.lt\/en\/wp-json\/wp\/v2\/pages"}],"about":[{"href":"https:\/\/gamteka.lgga.lt\/en\/wp-json\/wp\/v2\/types\/page"}],"author":[{"embeddable":true,"href":"https:\/\/gamteka.lgga.lt\/en\/wp-json\/wp\/v2\/users\/1"}],"replies":[{"embeddable":true,"href":"https:\/\/gamteka.lgga.lt\/en\/wp-json\/wp\/v2\/comments?post=2294"}],"version-history":[{"count":7,"href":"https:\/\/gamteka.lgga.lt\/en\/wp-json\/wp\/v2\/pages\/2294\/revisions"}],"predecessor-version":[{"id":2329,"href":"https:\/\/gamteka.lgga.lt\/en\/wp-json\/wp\/v2\/pages\/2294\/revisions\/2329"}],"wp:attachment":[{"href":"https:\/\/gamteka.lgga.lt\/en\/wp-json\/wp\/v2\/media?parent=2294"}],"curies":[{"name":"wp","href":"https:\/\/api.w.org\/{rel}","templated":true}]}}