{"id":2481,"date":"2025-04-12T15:08:27","date_gmt":"2025-04-12T15:08:27","guid":{"rendered":"https:\/\/gamteka.lgga.lt\/?post_type=product&#038;p=2481"},"modified":"2025-04-12T15:09:08","modified_gmt":"2025-04-12T15:09:08","slug":"ro-geriamojo-vandens-filtravimo-sistema-u6-vokietija","status":"publish","type":"product","link":"https:\/\/gamteka.lgga.lt\/en\/product\/ro-geriamojo-vandens-filtravimo-sistema-u6-vokietija\/","title":{"rendered":"RO geriamojo vandens filtravimo sistema U6, Vokietija"},"content":{"rendered":"<p>Itin auk\u0161tos kokyb\u0117s RO sistema. Nereikia prijungimo prie elektros tinklo, jeigu vandens sl\u0117gis &gt;3 BAR.<br \/>\nPilna komplektacija. Norintiems susimontuoti patiems \u2013 nemokama montavimo konsultacija.<\/p>\n<p>U6 geriamojo vandens filtravimo sistema.<\/p>\n<p>Mokslininkai nustat\u0117, jog \u017emogaus organizm\u0105 sudaro 70% vandens. Vanduo reikalingas palaikyti gyvybin\u0117s funkcijas, svarbu, kad kiekvien\u0105 dien\u0105 b\u016btu gaunamas pakankamas vandens kiekis. Ta\u010diau lemtingas momentas yra pati vandens kokyb\u0117. Lietuvoje geriamas vanduo ( i\u0161 miesto vandentieki\u0173 ir g\u0119\u017eini\u0173) pasi\u017eymi nekenksmingai cheminiais elemntais, bet gali pabloginti vandens juslines savybes tokias kaip kvap\u0105, skon\u012f ar net spalv\u0105. Ta\u010diau naudojant geriamojo vandens sistem\u0105 U6 pa\u0161alins vandenyje esan\u010dius ne\u0161varumus, pavojingus ter\u0161alus. Geriamojo filtro pagalb\u0105 vanduo tams tyras, skaidrus ir bekvapis. Grynojo vandens gerimas pad\u0117s palaikyti imunin\u0119 sistem\u0105, gerina vir\u0161kinim\u0105 ir ma\u017ein\u0105 rizika v\u0117\u017eio susirgimui. Nauga taip pat juntama ir odai bei maistui.<\/p>\n<p>Geriamojo vandens filtravimo sistema, tai 6 pakop\u0173 filtravimo sistema, i\u0161ankstinio filtravimo b\u016bdu. U6 sistem\u0105 sudaro:<\/p>\n<ol>\n<li>\n<ol>\n<li>\n<ol>\n<li>Pirma vandens valymo pakopa \u2013 mechaninis filtras, sulaikantis daleles, kuri\u0173 dydis didesnis nei 20 mikron\u0173.<\/li>\n<li>Antra vandens valymo pakopa \u2013 kokoso rie\u0161uto granuliuotos aktyvuotos anglies filtras, pa\u0161alinantis chlor\u0105 bei chloro organik\u0105 \u2013 \u0161alutin\u012f produkt\u0105, kuris atsiranda d\u0117l vandens chloravimo, o taip pat \u012fvairi\u0173 r\u016b\u0161i\u0173 organinius junginius.<\/li>\n<li>Tre\u010dia vandens valymo pakopa \u2013 mechaninis filtras, sulaikantis daleles, didesnes nei 1 mikronas.<\/li>\n<li>Ketvirta vandens valymo pakopa\u00a0 \u2013 pusiau laidi TFC tipo membrana. Rulono pavidalo membranos elementas turi labai ma\u017eas 0,0001 mikrono dyd\u017eio poras, per kurias praeina chemi\u0161kai \u0161varaus vandens molekul\u0117s.<\/li>\n<li>Penkta vandens valymo pakopa \u2013 fini\u0161inis aktyvuotos anglies filtras (AICRO), kuris pripildytas specialiai supresuot\u0173 aktyvuotos anglies granuli\u0173. Filtras pa\u0161alina i\u0161 vandens laki\u0105sias med\u017eiagas ir dujas. Pagerina gauto osmosinio vandens skonio savybes.<\/li>\n<\/ol>\n<\/li>\n<\/ol>\n<\/li>\n<\/ol>\n<p>\u012e U6 sistem\u0105 \u012feina: bakelis, kranelis ( matinis arba blizgu \u2013 klientas gali pasirinki pagal virtuv\u0117s dizain\u0105).<\/p>\n<p>Gamintojas: Vokietija<\/p>\n<p>Taigi geriamojo vandens sistema U6 tai yra nema\u017ea investicija, ta\u010diau jos nauda ir pasekm\u0117s pajuntamos i\u0161karto. \u0160i geriamojo vandens sistema, gali apsaugoti Jus ir J\u016bs\u0173 \u0161eim\u0105 nuo u\u017ete\u0161to ir bakterij\u0173 kupino vandens. Sistema nereikalauja didel\u0117s prie\u017ei\u016bros.<\/p>\n<p>*\u012esigij\u0119 tinkam\u0105 geriamojo vandens filtr\u0105 sutaupysite daug pinig\u0173 ir gal\u0117site m\u0117gautis geresniu be mikrobiu, i\u0161filtruotu, auk\u0161tesn\u0117s kokyb\u0117s vandeniu.<\/p>","protected":false},"excerpt":{"rendered":"<p>Itin auk\u0161tos kokyb\u0117s RO sistema. Nereikia prijungimo prie elektros tinklo, jeigu vandens sl\u0117gis &gt;3 BAR.<br \/>\nPilna komplektacija. Norintiems susimontuoti patiems \u2013 nemokama montavimo konsultacija.<\/p>","protected":false},"featured_media":2482,"comment_status":"open","ping_status":"closed","template":"","meta":[],"product_brand":[],"product_cat":[91,78],"product_tag":[],"class_list":{"0":"post-2481","1":"product","2":"type-product","3":"status-publish","4":"has-post-thumbnail","6":"product_cat-buitiniai-vandens-nugelezinimo-ir-mangano-salinimo-filtrai","7":"product_cat-vandens-valymo-sistemos","9":"first","10":"instock","11":"taxable","12":"shipping-taxable","13":"purchasable","14":"product-type-simple"},"_links":{"self":[{"href":"https:\/\/gamteka.lgga.lt\/en\/wp-json\/wp\/v2\/product\/2481","targetHints":{"allow":["GET"]}}],"collection":[{"href":"https:\/\/gamteka.lgga.lt\/en\/wp-json\/wp\/v2\/product"}],"about":[{"href":"https:\/\/gamteka.lgga.lt\/en\/wp-json\/wp\/v2\/types\/product"}],"replies":[{"embeddable":true,"href":"https:\/\/gamteka.lgga.lt\/en\/wp-json\/wp\/v2\/comments?post=2481"}],"wp:featuredmedia":[{"embeddable":true,"href":"https:\/\/gamteka.lgga.lt\/en\/wp-json\/wp\/v2\/media\/2482"}],"wp:attachment":[{"href":"https:\/\/gamteka.lgga.lt\/en\/wp-json\/wp\/v2\/media?parent=2481"}],"wp:term":[{"taxonomy":"product_brand","embeddable":true,"href":"https:\/\/gamteka.lgga.lt\/en\/wp-json\/wp\/v2\/product_brand?post=2481"},{"taxonomy":"product_cat","embeddable":true,"href":"https:\/\/gamteka.lgga.lt\/en\/wp-json\/wp\/v2\/product_cat?post=2481"},{"taxonomy":"product_tag","embeddable":true,"href":"https:\/\/gamteka.lgga.lt\/en\/wp-json\/wp\/v2\/product_tag?post=2481"}],"curies":[{"name":"wp","href":"https:\/\/api.w.org\/{rel}","templated":true}]}}